{"id":9,"date":"2025-08-21T09:21:00","date_gmt":"2025-08-21T09:21:00","guid":{"rendered":"http:\/\/ville-ceilhes.fr\/?page_id=9"},"modified":"2025-11-10T21:46:12","modified_gmt":"2025-11-10T21:46:12","slug":"village-de-ceilhes-et-rocozels","status":"publish","type":"page","link":"https:\/\/ville-ceilhes.fr\/?page_id=9","title":{"rendered":"Village de Ceilhes et Rocozels"},"content":{"rendered":"\r\n<div class=\"wp-block-group alignfull is-style-section-1 has-global-padding is-layout-constrained wp-block-group-is-layout-constrained is-style-section-1--1\" style=\"margin-top: 0; margin-bottom: 0; padding-top: var(--wp--preset--spacing--60); padding-bottom: var(--wp--preset--spacing--60);\">\r\n<div class=\"wp-block-columns alignwide are-vertically-aligned-center is-layout-flex wp-container-core-columns-is-layout-643ced6b wp-block-columns-is-layout-flex\">\r\n<div class=\"wp-block-column is-vertically-aligned-center is-layout-flow wp-container-core-column-is-layout-119bc444 wp-block-column-is-layout-flow\" style=\"flex-basis: 60%;\">\r\n<h2 class=\"wp-block-heading has-xx-large-font-size\"><span dir=\"auto\" style=\"vertical-align: inherit;\"><span dir=\"auto\" style=\"vertical-align: inherit;\">Bienvenue<\/span><\/span><\/h2>\r\n\r\n\r\n\r\n<p><span dir=\"auto\" style=\"vertical-align: inherit;\"><span dir=\"auto\" style=\"vertical-align: inherit;\">Bienvenue sur le site internet du village de Ceilhes et Rocozels.<\/span><\/span><\/p>\r\n\r\n\r\n\r\n<p><span dir=\"auto\" style=\"vertical-align: inherit;\"><span dir=\"auto\" style=\"vertical-align: inherit;\">Retrouvez sur ce site des informations sur le village ainsi que ses commerces, \u00e9v\u00e9nements et festivit\u00e9s.<\/span><\/span><\/p>\r\n\r\n\r\n\r\n<p class=\"has-text-align-center\"><span dir=\"auto\" style=\"vertical-align: inherit;\"><span dir=\"auto\" style=\"vertical-align: inherit;\">Point de vue du village au drone :<\/span><\/span><\/p>\r\n<\/div>\r\n<\/div>\r\n\r\n\r\n\r\n<figure class=\"wp-block-video\"><video style=\"aspect-ratio: 640 \/ 360;\" src=\"http:\/\/ville-ceilhes.fr\/wp-content\/uploads\/2025\/08\/Video-point-de-vue-de-Ceilhes-et-alentours-au-drone-3.mp4\" controls=\"controls\" width=\"640\" height=\"360\"><\/video><\/figure>\r\n\r\n\r\n<hr class=\"wp-block-separator has-alpha-channel-opacity\" \/><\/div>\r\n\r\n\r\n\r\n<div class=\"wp-block-group alignfull is-style-section-5 has-global-padding is-layout-constrained wp-block-group-is-layout-constrained is-style-section-5--2\" style=\"margin-top: 0; margin-bottom: 0; padding-top: var(--wp--preset--spacing--50); padding-bottom: var(--wp--preset--spacing--50);\">\r\n<div class=\"wp-block-columns alignwide is-layout-flex wp-container-core-columns-is-layout-7ee84d44 wp-block-columns-is-layout-flex\">\r\n<div class=\"wp-block-column is-vertically-aligned-center is-layout-flow wp-block-column-is-layout-flow\" style=\"flex-basis: 50%;\">\r\n<h2 class=\"wp-block-heading\"><em><span dir=\"auto\" style=\"vertical-align: inherit;\"><span dir=\"auto\" style=\"vertical-align: inherit;\">\u00c0<\/span><\/span><\/em><span dir=\"auto\" style=\"vertical-align: inherit;\"><span dir=\"auto\" style=\"vertical-align: inherit;\"> propos du village :<\/span><\/span><\/h2>\r\n\r\n\r\n\r\n<p class=\"has-medium-font-size\"><strong><span dir=\"auto\" style=\"vertical-align: inherit;\"><span dir=\"auto\" style=\"vertical-align: inherit;\">Ceilhes-et-Rocozels<\/span><\/span><\/strong><span dir=\"auto\" style=\"vertical-align: inherit;\"><span dir=\"auto\" style=\"vertical-align: inherit;\"> est une commune rurale situ\u00e9e dans le nord-est du d\u00e9partement de l&#8217;H\u00e9rault en r\u00e9gion Occitanie.<\/span><\/span><\/p>\r\n\r\n\r\n\r\n<p class=\"has-medium-font-size\"><span dir=\"auto\" style=\"vertical-align: inherit;\"><span dir=\"auto\" style=\"vertical-align: inherit;\">Expos\u00e9 \u00e0 un climat de montagne, le village est travers\u00e9 par l&#8217;Orb, et divers autres petits cours d&#8217;eau qui alimentent notamment le plan d&#8217;eau du Bouloc aussi appel\u00e9 lac du Taoutas. Cette eau se retrouve par la suite dans le lac d&#8217;Av\u00e8ne.<\/span><\/span><\/p>\r\n\r\n\r\n\r\n<p class=\"has-medium-font-size\"><span dir=\"auto\" style=\"vertical-align: inherit;\"><span dir=\"auto\" style=\"vertical-align: inherit;\">Le village est Inclus dans le parc naturel r\u00e9gional du Haut Languedoc, la commune poss\u00e8de un patrimoine naturel remarquable, entre montagnes, for\u00eats et lacs, la faune et la flore y sont particuli\u00e8rement pr\u00e9sentes.<\/span><\/span><\/p>\r\n<\/div>\r\n\r\n\r\n\r\n<div class=\"wp-block-column is-vertically-aligned-center is-layout-flow wp-block-column-is-layout-flow\" style=\"flex-basis: 50%;\">\r\n<figure class=\"wp-block-gallery has-nested-images columns-default is-cropped wp-block-gallery-3 is-layout-flex wp-block-gallery-is-layout-flex\">\r\n<figure class=\"wp-block-image size-full\"><img fetchpriority=\"high\" decoding=\"async\" width=\"512\" height=\"382\" data-id=\"10\" class=\"wp-image-10\" style=\"aspect-ratio: 1; object-fit: cover;\" src=\"http:\/\/ville-ceilhes.fr\/wp-content\/uploads\/2025\/08\/photo-ceilhes.jpg\" alt=\"\" srcset=\"https:\/\/ville-ceilhes.fr\/wp-content\/uploads\/2025\/08\/photo-ceilhes.jpg 512w, https:\/\/ville-ceilhes.fr\/wp-content\/uploads\/2025\/08\/photo-ceilhes-300x224.jpg 300w\" sizes=\"(max-width: 512px) 100vw, 512px\" \/><\/figure>\r\n<\/figure>\r\n<\/div>\r\n<\/div>\r\n<\/div>\r\n\r\n\r\n\r\n<div class=\"wp-block-group alignfull has-global-padding is-layout-constrained wp-container-core-group-is-layout-ebee8dc1 wp-block-group-is-layout-constrained\" style=\"margin-top: 0; margin-bottom: 0; padding-top: var(--wp--preset--spacing--50); padding-bottom: var(--wp--preset--spacing--50);\"><hr class=\"wp-block-separator has-alpha-channel-opacity\" \/>\r\n\r\n\r\n<div class=\"wp-block-group alignwide has-accent-6-background-color has-background is-content-justification-space-between is-layout-flex wp-container-core-group-is-layout-9366075c wp-block-group-is-layout-flex\">\r\n<h2 class=\"wp-block-heading alignwide has-text-align-left is-style-text-subtitle has-x-large-font-size is-style-text-subtitle--4\"><span dir=\"auto\" style=\"vertical-align: inherit;\"><span dir=\"auto\" style=\"vertical-align: inherit;\">Quelques lieux du village<\/span><\/span><\/h2>\r\n<\/div>\r\n<\/div>\r\n\r\n\r\n\r\n<div class=\"wp-block-media-text is-stacked-on-mobile has-accent-5-background-color has-background\" style=\"border-width: 5px; border-radius: 5px; padding-top: 0; padding-bottom: 0; grid-template-columns: 38% auto; margin: 0;\">\r\n<figure class=\"wp-block-media-text__media\"><img decoding=\"async\" width=\"170\" height=\"132\" class=\"wp-image-19 size-full\" src=\"http:\/\/ville-ceilhes.fr\/wp-content\/uploads\/2025\/08\/remparts.jpg\" alt=\"\" \/><\/figure>\r\n<div class=\"wp-block-media-text__content\">\r\n<p><span dir=\"auto\" style=\"vertical-align: inherit;\"><span dir=\"auto\" style=\"vertical-align: inherit;\">Les remparts<\/span><\/span><\/p>\r\n\r\n\r\n\r\n<p class=\"is-style-text-annotation is-style-text-annotation--5\"><span dir=\"auto\" style=\"vertical-align: inherit;\"><span dir=\"auto\" style=\"vertical-align: inherit;\">Au XIV\u00e8me si\u00e8cle, apr\u00e8s la premi\u00e8re phase de la guerre de Cent ans, la r\u00e9gion fut m\u00eal\u00e9e \u00e0 des troubles interminables et les cit\u00e9s furent mises en \u00e9tat de d\u00e9fense. C&#8217;est de cette \u00e9poque que datent les remparts de Ceilhes dont il subsiste quelques vestiges visibles.<\/span><\/span><\/p>\r\n<\/div>\r\n<\/div>\r\n\r\n\r\n\r\n<div class=\"wp-block-media-text is-stacked-on-mobile has-accent-5-background-color has-background\" style=\"border-width: 5px; border-radius: 5px; grid-template-columns: 38% auto;\">\r\n<figure class=\"wp-block-media-text__media\"><img decoding=\"async\" width=\"170\" height=\"132\" class=\"wp-image-17 size-full\" src=\"http:\/\/ville-ceilhes.fr\/wp-content\/uploads\/2025\/08\/griffoul-3.jpg\" alt=\"\" \/><\/figure>\r\n<div class=\"wp-block-media-text__content\">\r\n<p><span dir=\"auto\" style=\"vertical-align: inherit;\"><span dir=\"auto\" style=\"vertical-align: inherit;\">La fontaine du Griffoul<\/span><\/span><\/p>\r\n\r\n\r\n\r\n<p class=\"is-style-text-annotation is-style-text-annotation--6\"><span dir=\"auto\" style=\"vertical-align: inherit;\"><span dir=\"auto\" style=\"vertical-align: inherit;\">Au centre du village &#8220;la font del Grifol&#8221;, point d&#8217;eau principal du village jusqu&#8217;\u00e0 l&#8217;arriv\u00e9e de l&#8217;eau courante \u00e0 Ceilhes en 1925.<\/span><\/span><\/p>\r\n<\/div>\r\n<\/div>\r\n\r\n\r\n\r\n<div class=\"wp-block-media-text is-stacked-on-mobile has-accent-5-background-color has-background\" style=\"border-width: 5px; border-radius: 5px; grid-template-columns: 39% auto;\">\r\n<figure class=\"wp-block-media-text__media\"><img loading=\"lazy\" decoding=\"async\" width=\"170\" height=\"132\" class=\"wp-image-18 size-full\" src=\"http:\/\/ville-ceilhes.fr\/wp-content\/uploads\/2025\/08\/eglise-1.jpg\" alt=\"\" \/><\/figure>\r\n<div class=\"wp-block-media-text__content\">\r\n<p><span dir=\"auto\" style=\"vertical-align: inherit;\"><span dir=\"auto\" style=\"vertical-align: inherit;\">L&#8217;\u00e9glise Saint Jean-Baptiste<\/span><\/span><\/p>\r\n\r\n\r\n\r\n<p class=\"is-style-text-annotation is-style-text-annotation--7\"><span dir=\"auto\" style=\"vertical-align: inherit;\"><span dir=\"auto\" style=\"vertical-align: inherit;\">Cet \u00e9difice est un m\u00e9lange remarquable d&#8217;architecture romane et gothique. Par ses dimensions importantes, l&#8217;\u00e9glise St Jean-Baptiste, l&#8217;une des plus imposante de la r\u00e9gion, est mentionn\u00e9e, d\u00e8s 1135. A la fin du XIV\u00e8me si\u00e8cle, elle fut fortifi\u00e9e dans la partie Est du choeur par deux contreforts \u00e9paulant un arc bris\u00e9 \u00e0 m\u00e2chicoulis de type assomoir. Les vitraux axiaux cot\u00e9s Est datent de cette \u00e9poque.<\/span><\/span><\/p>\r\n<\/div>\r\n<\/div>\r\n\r\n\r\n\r\n<div class=\"wp-block-media-text is-stacked-on-mobile has-accent-5-background-color has-background\" style=\"border-width: 5px; border-radius: 5px; grid-template-columns: 36% auto;\">\r\n<figure class=\"wp-block-media-text__media\"><img loading=\"lazy\" decoding=\"async\" width=\"128\" height=\"170\" class=\"wp-image-20 size-full\" src=\"http:\/\/ville-ceilhes.fr\/wp-content\/uploads\/2025\/08\/porte.jpg\" alt=\"\" \/><\/figure>\r\n<div class=\"wp-block-media-text__content\">\r\n<p><span dir=\"auto\" style=\"vertical-align: inherit;\"><span dir=\"auto\" style=\"vertical-align: inherit;\">La porte du XIV\u00e8me si\u00e8cle<\/span><\/span><\/p>\r\n\r\n\r\n\r\n<p class=\"is-style-text-annotation is-style-text-annotation--8\"><span dir=\"auto\" style=\"vertical-align: inherit;\"><span dir=\"auto\" style=\"vertical-align: inherit;\">Cette porte en arc bris\u00e9 d&#8217;architecture gothique est une des entr\u00e9es principales de l&#8217;enceinte fortifi\u00e9e qui prot\u00e9geait le village. En 1622 les protestants venus attacher trois p\u00e9tards au portail l&#8217;enfonc\u00e8rent et furent ainsi chass\u00e9s par la garnison qui s\u00e9journait dans le village.<\/span><\/span><\/p>\r\n<\/div>\r\n<\/div>\r\n\r\n\r\n\r\n<div class=\"wp-block-media-text is-stacked-on-mobile has-accent-5-background-color has-background\" style=\"border-width: 5px; border-radius: 5px; grid-template-columns: 37% auto;\">\r\n<figure class=\"wp-block-media-text__media\"><img loading=\"lazy\" decoding=\"async\" width=\"170\" height=\"132\" class=\"wp-image-21 size-full\" src=\"http:\/\/ville-ceilhes.fr\/wp-content\/uploads\/2025\/08\/cagarotte.jpg\" alt=\"\" \/><\/figure>\r\n<div class=\"wp-block-media-text__content\">\r\n<p><span dir=\"auto\" style=\"vertical-align: inherit;\"><span dir=\"auto\" style=\"vertical-align: inherit;\">La rue de la Cagarotte<\/span><\/span><\/p>\r\n\r\n\r\n\r\n<p class=\"is-style-text-annotation is-style-text-annotation--9\"><span dir=\"auto\" style=\"vertical-align: inherit;\"><span dir=\"auto\" style=\"vertical-align: inherit;\">Ce porche permet l&#8217;acc\u00e8s \u00e0 la rue de la Cagarotte. L&#8217;architecture de la maison qui la surplombe est typiquement du XVII\u00e8me si\u00e8cle (bandeau)<\/span><\/span><\/p>\r\n<\/div>\r\n<\/div>\r\n\r\n\r\n\r\n<div class=\"wp-block-media-text is-stacked-on-mobile has-accent-5-background-color has-background\" style=\"border-width: 5px; border-radius: 5px; grid-template-columns: 37% auto;\">\r\n<figure class=\"wp-block-media-text__media\"><img loading=\"lazy\" decoding=\"async\" width=\"540\" height=\"312\" class=\"wp-image-26 size-full\" src=\"http:\/\/ville-ceilhes.fr\/wp-content\/uploads\/2025\/08\/rocozels.jpg\" alt=\"\" srcset=\"https:\/\/ville-ceilhes.fr\/wp-content\/uploads\/2025\/08\/rocozels.jpg 540w, https:\/\/ville-ceilhes.fr\/wp-content\/uploads\/2025\/08\/rocozels-300x173.jpg 300w\" sizes=\"(max-width: 540px) 100vw, 540px\" \/><\/figure>\r\n<div class=\"wp-block-media-text__content\">\r\n<p><span dir=\"auto\" style=\"vertical-align: inherit;\"><span dir=\"auto\" style=\"vertical-align: inherit;\">Rocozels<\/span><\/span><\/p>\r\n\r\n\r\n\r\n<p class=\"is-style-text-annotation is-style-text-annotation--10\"><span dir=\"auto\" style=\"vertical-align: inherit;\"><span dir=\"auto\" style=\"vertical-align: inherit;\">Rocozels est la deuxi\u00e8me partie du village de Ceilhes et Rocozels. Pos\u00e9 sur une butte au-dessus de Ceilhes, ce village \u00e9tait autrefois la r\u00e9sidence du seigneur de la r\u00e9gion.<\/span><\/span><\/p>\r\n<\/div>\r\n<\/div>\r\n\r\n\r\n<hr class=\"wp-block-separator has-alpha-channel-opacity\" \/>\r\n\r\n\r\n<div class=\"wp-block-group alignwide has-accent-6-background-color has-background is-content-justification-space-between is-layout-flex wp-container-core-group-is-layout-9366075c wp-block-group-is-layout-flex\">\r\n<p class=\"is-style-text-display is-style-text-display--11\"><span dir=\"auto\" style=\"vertical-align: inherit;\"><span dir=\"auto\" style=\"vertical-align: inherit;\">La Mairie<\/span><\/span><\/p>\r\n\r\n\r\n<hr class=\"wp-block-separator has-alpha-channel-opacity\" \/><\/div>\r\n\r\n\r\n\r\n<div class=\"wp-block-media-text alignwide is-stacked-on-mobile is-vertically-aligned-center\" style=\"grid-template-columns: 56% auto;\">\r\n<figure class=\"wp-block-media-text__media\"><img loading=\"lazy\" decoding=\"async\" width=\"545\" height=\"408\" class=\"wp-image-22 size-full\" src=\"http:\/\/ville-ceilhes.fr\/wp-content\/uploads\/2025\/08\/conseil-mu.jpg\" alt=\"\" srcset=\"https:\/\/ville-ceilhes.fr\/wp-content\/uploads\/2025\/08\/conseil-mu.jpg 545w, https:\/\/ville-ceilhes.fr\/wp-content\/uploads\/2025\/08\/conseil-mu-300x225.jpg 300w\" sizes=\"(max-width: 545px) 100vw, 545px\" \/><\/figure>\r\n<div class=\"wp-block-media-text__content\">\r\n<p><span dir=\"auto\" style=\"vertical-align: inherit;\"><span dir=\"auto\" style=\"vertical-align: inherit;\">Les \u00e9lus du conseil municipal<\/span><\/span><\/p>\r\n\r\n\r\n\r\n<p class=\"is-style-text-annotation is-style-text-annotation--12\" style=\"margin-right: 0; margin-left: 0;\"><strong><span dir=\"auto\" style=\"vertical-align: inherit;\"><span dir=\"auto\" style=\"vertical-align: inherit;\">Fabien SOULAGE<\/span><\/span><\/strong><span dir=\"auto\" style=\"vertical-align: inherit;\"><span dir=\"auto\" style=\"vertical-align: inherit;\"> \u00a0(Maire),\u00a0 <\/span><\/span><strong><span dir=\"auto\" style=\"vertical-align: inherit;\"><span dir=\"auto\" style=\"vertical-align: inherit;\">Luc CHIBAUDE<\/span><\/span><\/strong><span dir=\"auto\" style=\"vertical-align: inherit;\"><span dir=\"auto\" style=\"vertical-align: inherit;\"> L (1er adjoint),\u00a0 <\/span><\/span><strong><span dir=\"auto\" style=\"vertical-align: inherit;\"><span dir=\"auto\" style=\"vertical-align: inherit;\">Pierre NAYRAC (2\u00e8me adjoint), Philippe DALBY (conseiller), Sylvain ROUQUET (conseiller), Brigitte ALLIE (conseill\u00e8re), Patrick LAGEZE (conseiller), Eug\u00e8ne ANDREO (conseiller), Jean Michel LACOSTE (conseiller), Anne Marie BOURGESSE (conseilli\u00e8re), Cendrine REVERBEL (conseill\u00e8re).<\/span><\/span><\/strong><\/p>\r\n\r\n\r\n\r\n<blockquote class=\"wp-block-quote is-layout-flow wp-block-quote-is-layout-flow\">\r\n<p><span dir=\"auto\" style=\"vertical-align: inherit;\"><span dir=\"auto\" style=\"vertical-align: inherit;\">La mairie est ouverte tous les matins du lundi au vendredi de 9h \u00e0 12h<\/span><\/span><\/p>\r\n\r\n\r\n\r\n<p><span dir=\"auto\" style=\"vertical-align: inherit;\"><span dir=\"auto\" style=\"vertical-align: inherit;\">T\u00e9l. : 04 67 23 40 89<\/span><\/span><\/p>\r\n\r\n\r\n\r\n<p><span dir=\"auto\" style=\"vertical-align: inherit;\"><span dir=\"auto\" style=\"vertical-align: inherit;\">Courriel\u00a0: mairieceilhesetrocozels@orange.fr<\/span><\/span><\/p>\r\n<\/blockquote>\r\n<\/div>\r\n<\/div>\r\n\r\n\r\n<hr class=\"wp-block-separator has-alpha-channel-opacity\" \/>","protected":false},"excerpt":{"rendered":"<p>Bienvenue Bienvenue sur le site internet du village de Ceilhes et Rocozels. Retrouvez sur ce site des informations sur le village ainsi que ses commerces, \u00e9v\u00e9nements et festivit\u00e9s. Point de vue du village au drone : \u00c0 propos du village : Ceilhes-et-Rocozels est une commune rurale situ\u00e9e dans le nord-est du d\u00e9partement de l&#8217;H\u00e9rault en [&hellip;]<\/p>\n","protected":false},"author":1,"featured_media":0,"parent":0,"menu_order":0,"comment_status":"closed","ping_status":"closed","template":"","meta":{"footnotes":""},"class_list":["post-9","page","type-page","status-publish","hentry"],"_links":{"self":[{"href":"https:\/\/ville-ceilhes.fr\/index.php?rest_route=\/wp\/v2\/pages\/9","targetHints":{"allow":["GET"]}}],"collection":[{"href":"https:\/\/ville-ceilhes.fr\/index.php?rest_route=\/wp\/v2\/pages"}],"about":[{"href":"https:\/\/ville-ceilhes.fr\/index.php?rest_route=\/wp\/v2\/types\/page"}],"author":[{"embeddable":true,"href":"https:\/\/ville-ceilhes.fr\/index.php?rest_route=\/wp\/v2\/users\/1"}],"replies":[{"embeddable":true,"href":"https:\/\/ville-ceilhes.fr\/index.php?rest_route=%2Fwp%2Fv2%2Fcomments&post=9"}],"version-history":[{"count":3,"href":"https:\/\/ville-ceilhes.fr\/index.php?rest_route=\/wp\/v2\/pages\/9\/revisions"}],"predecessor-version":[{"id":94,"href":"https:\/\/ville-ceilhes.fr\/index.php?rest_route=\/wp\/v2\/pages\/9\/revisions\/94"}],"wp:attachment":[{"href":"https:\/\/ville-ceilhes.fr\/index.php?rest_route=%2Fwp%2Fv2%2Fmedia&parent=9"}],"curies":[{"name":"wp","href":"https:\/\/api.w.org\/{rel}","templated":true}]}}